
{"id":15453,"date":"2021-06-03T13:39:37","date_gmt":"2021-06-03T11:39:37","guid":{"rendered":"http:\/\/www.lingualsystems.de\/?page_id=15453"},"modified":"2021-07-29T15:02:17","modified_gmt":"2021-07-29T13:02:17","slug":"home","status":"publish","type":"page","link":"https:\/\/www.lingualsystems.de\/tr\/","title":{"rendered":"Ana Sayfa"},"content":{"rendered":"","protected":false},"excerpt":{"rendered":"","protected":false},"author":7,"featured_media":0,"parent":0,"menu_order":0,"comment_status":"closed","ping_status":"closed","template":"","meta":{"_acf_changed":false,"footnotes":""},"class_list":["post-15453","page","type-page","status-publish","hentry"],"acf":[],"yoast_head":"<!-- This site is optimized with the Yoast SEO plugin v27.4 - https:\/\/yoast.com\/product\/yoast-seo-wordpress\/ -->\n<title>Lingual Systems\u2018ten WIN Apareyi: G\u00f6r\u00fcnmez Lingual Ortodontik Braketler<\/title>\n<meta name=\"description\" content=\"WIN Apareyi di\u015flerin i\u00e7 taraf\u0131na sabitlenir. Lingual ortodontik braketler, g\u00f6r\u00fcnmez ve g\u00fcvenilir bir \u015fekilde en kompleks di\u015f hiza bozukluklar\u0131n\u0131 dahi d\u00fczeltir.\" \/>\n<meta name=\"robots\" content=\"index, follow, max-snippet:-1, max-image-preview:large, max-video-preview:-1\" \/>\n<link rel=\"canonical\" href=\"https:\/\/www.lingualsystems.de\/tr\/\" \/>\n<meta property=\"og:locale\" content=\"tr_TR\" \/>\n<meta property=\"og:type\" content=\"article\" \/>\n<meta property=\"og:title\" content=\"Lingual Systems\u2018ten WIN Apareyi: G\u00f6r\u00fcnmez Lingual Ortodontik Braketler\" \/>\n<meta property=\"og:description\" content=\"WIN Apareyi di\u015flerin i\u00e7 taraf\u0131na sabitlenir. Lingual ortodontik braketler, g\u00f6r\u00fcnmez ve g\u00fcvenilir bir \u015fekilde en kompleks di\u015f hiza bozukluklar\u0131n\u0131 dahi d\u00fczeltir.\" \/>\n<meta property=\"og:url\" content=\"https:\/\/www.lingualsystems.de\/tr\/\" \/>\n<meta property=\"og:site_name\" content=\"Lingual Systems\" \/>\n<meta property=\"article:modified_time\" content=\"2021-07-29T13:02:17+00:00\" \/>\n<meta name=\"twitter:card\" content=\"summary_large_image\" \/>\n<script type=\"application\/ld+json\" class=\"yoast-schema-graph\">{\"@context\":\"https:\\\/\\\/schema.org\",\"@graph\":[{\"@type\":\"WebPage\",\"@id\":\"https:\\\/\\\/www.lingualsystems.de\\\/tr\\\/\",\"url\":\"https:\\\/\\\/www.lingualsystems.de\\\/tr\\\/\",\"name\":\"Lingual Systems\u2018ten WIN Apareyi: G\u00f6r\u00fcnmez Lingual Ortodontik Braketler\",\"isPartOf\":{\"@id\":\"https:\\\/\\\/www.lingualsystems.de\\\/#website\"},\"datePublished\":\"2021-06-03T11:39:37+00:00\",\"dateModified\":\"2021-07-29T13:02:17+00:00\",\"description\":\"WIN Apareyi di\u015flerin i\u00e7 taraf\u0131na sabitlenir. Lingual ortodontik braketler, g\u00f6r\u00fcnmez ve g\u00fcvenilir bir \u015fekilde en kompleks di\u015f hiza bozukluklar\u0131n\u0131 dahi d\u00fczeltir.\",\"breadcrumb\":{\"@id\":\"https:\\\/\\\/www.lingualsystems.de\\\/tr\\\/#breadcrumb\"},\"inLanguage\":\"tr\",\"potentialAction\":[{\"@type\":\"ReadAction\",\"target\":[\"https:\\\/\\\/www.lingualsystems.de\\\/tr\\\/\"]}]},{\"@type\":\"BreadcrumbList\",\"@id\":\"https:\\\/\\\/www.lingualsystems.de\\\/tr\\\/#breadcrumb\",\"itemListElement\":[{\"@type\":\"ListItem\",\"position\":1,\"name\":\"Home\",\"item\":\"https:\\\/\\\/www.lingualsystems.de\\\/tr\\\/\"},{\"@type\":\"ListItem\",\"position\":2,\"name\":\"Ana Sayfa\"}]},{\"@type\":\"WebSite\",\"@id\":\"https:\\\/\\\/www.lingualsystems.de\\\/#website\",\"url\":\"https:\\\/\\\/www.lingualsystems.de\\\/\",\"name\":\"Lingual Systems\",\"description\":\"\",\"potentialAction\":[{\"@type\":\"SearchAction\",\"target\":{\"@type\":\"EntryPoint\",\"urlTemplate\":\"https:\\\/\\\/www.lingualsystems.de\\\/?s={search_term_string}\"},\"query-input\":{\"@type\":\"PropertyValueSpecification\",\"valueRequired\":true,\"valueName\":\"search_term_string\"}}],\"inLanguage\":\"tr\"}]}<\/script>\n<!-- \/ Yoast SEO plugin. -->","yoast_head_json":{"title":"Lingual Systems\u2018ten WIN Apareyi: G\u00f6r\u00fcnmez Lingual Ortodontik Braketler","description":"WIN Apareyi di\u015flerin i\u00e7 taraf\u0131na sabitlenir. Lingual ortodontik braketler, g\u00f6r\u00fcnmez ve g\u00fcvenilir bir \u015fekilde en kompleks di\u015f hiza bozukluklar\u0131n\u0131 dahi d\u00fczeltir.","robots":{"index":"index","follow":"follow","max-snippet":"max-snippet:-1","max-image-preview":"max-image-preview:large","max-video-preview":"max-video-preview:-1"},"canonical":"https:\/\/www.lingualsystems.de\/tr\/","og_locale":"tr_TR","og_type":"article","og_title":"Lingual Systems\u2018ten WIN Apareyi: G\u00f6r\u00fcnmez Lingual Ortodontik Braketler","og_description":"WIN Apareyi di\u015flerin i\u00e7 taraf\u0131na sabitlenir. Lingual ortodontik braketler, g\u00f6r\u00fcnmez ve g\u00fcvenilir bir \u015fekilde en kompleks di\u015f hiza bozukluklar\u0131n\u0131 dahi d\u00fczeltir.","og_url":"https:\/\/www.lingualsystems.de\/tr\/","og_site_name":"Lingual Systems","article_modified_time":"2021-07-29T13:02:17+00:00","twitter_card":"summary_large_image","schema":{"@context":"https:\/\/schema.org","@graph":[{"@type":"WebPage","@id":"https:\/\/www.lingualsystems.de\/tr\/","url":"https:\/\/www.lingualsystems.de\/tr\/","name":"Lingual Systems\u2018ten WIN Apareyi: G\u00f6r\u00fcnmez Lingual Ortodontik Braketler","isPartOf":{"@id":"https:\/\/www.lingualsystems.de\/#website"},"datePublished":"2021-06-03T11:39:37+00:00","dateModified":"2021-07-29T13:02:17+00:00","description":"WIN Apareyi di\u015flerin i\u00e7 taraf\u0131na sabitlenir. Lingual ortodontik braketler, g\u00f6r\u00fcnmez ve g\u00fcvenilir bir \u015fekilde en kompleks di\u015f hiza bozukluklar\u0131n\u0131 dahi d\u00fczeltir.","breadcrumb":{"@id":"https:\/\/www.lingualsystems.de\/tr\/#breadcrumb"},"inLanguage":"tr","potentialAction":[{"@type":"ReadAction","target":["https:\/\/www.lingualsystems.de\/tr\/"]}]},{"@type":"BreadcrumbList","@id":"https:\/\/www.lingualsystems.de\/tr\/#breadcrumb","itemListElement":[{"@type":"ListItem","position":1,"name":"Home","item":"https:\/\/www.lingualsystems.de\/tr\/"},{"@type":"ListItem","position":2,"name":"Ana Sayfa"}]},{"@type":"WebSite","@id":"https:\/\/www.lingualsystems.de\/#website","url":"https:\/\/www.lingualsystems.de\/","name":"Lingual Systems","description":"","potentialAction":[{"@type":"SearchAction","target":{"@type":"EntryPoint","urlTemplate":"https:\/\/www.lingualsystems.de\/?s={search_term_string}"},"query-input":{"@type":"PropertyValueSpecification","valueRequired":true,"valueName":"search_term_string"}}],"inLanguage":"tr"}]}},"_links":{"self":[{"href":"https:\/\/www.lingualsystems.de\/tr\/wp-json\/wp\/v2\/pages\/15453","targetHints":{"allow":["GET"]}}],"collection":[{"href":"https:\/\/www.lingualsystems.de\/tr\/wp-json\/wp\/v2\/pages"}],"about":[{"href":"https:\/\/www.lingualsystems.de\/tr\/wp-json\/wp\/v2\/types\/page"}],"author":[{"embeddable":true,"href":"https:\/\/www.lingualsystems.de\/tr\/wp-json\/wp\/v2\/users\/7"}],"replies":[{"embeddable":true,"href":"https:\/\/www.lingualsystems.de\/tr\/wp-json\/wp\/v2\/comments?post=15453"}],"version-history":[{"count":6,"href":"https:\/\/www.lingualsystems.de\/tr\/wp-json\/wp\/v2\/pages\/15453\/revisions"}],"predecessor-version":[{"id":15527,"href":"https:\/\/www.lingualsystems.de\/tr\/wp-json\/wp\/v2\/pages\/15453\/revisions\/15527"}],"wp:attachment":[{"href":"https:\/\/www.lingualsystems.de\/tr\/wp-json\/wp\/v2\/media?parent=15453"}],"curies":[{"name":"wp","href":"https:\/\/api.w.org\/{rel}","templated":true}]}}