
{"id":10977,"date":"2018-10-11T11:35:13","date_gmt":"2018-10-11T09:35:13","guid":{"rendered":"http:\/\/www.lingualsystems.de\/linguale-zahnspange-kosten\/"},"modified":"2021-08-04T11:42:37","modified_gmt":"2021-08-04T09:42:37","slug":"lingual-ortodontik-braketlerin-maliyeti","status":"publish","type":"page","link":"https:\/\/www.lingualsystems.de\/tr\/lingual-ortodontik-braketlerin-maliyeti\/","title":{"rendered":"Maliyet"},"content":{"rendered":"","protected":false},"excerpt":{"rendered":"","protected":false},"author":7,"featured_media":0,"parent":0,"menu_order":0,"comment_status":"closed","ping_status":"closed","template":"","meta":{"_acf_changed":false,"footnotes":""},"class_list":["post-10977","page","type-page","status-publish","hentry"],"acf":[],"yoast_head":"<!-- This site is optimized with the Yoast SEO plugin v27.4 - https:\/\/yoast.com\/product\/yoast-seo-wordpress\/ -->\n<title>Lingual ortodontik braketlerin maliyeti: Sand\u0131\u011f\u0131n\u0131zdan daha az!<\/title>\n<meta name=\"description\" content=\"Lingual ortodontik braketlerin maliyeti hakk\u0131nda daha fazla bilgi almak i\u00e7in internet sayfam\u0131z\u0131 ziyaret edebilirsiniz. Burada sa\u011fl\u0131k sigortas\u0131 kapsam\u0131 ve taksit se\u00e7enekleri hakk\u0131nda ayr\u0131nt\u0131lar\u0131 da bulabilirsiniz.\" \/>\n<meta name=\"robots\" content=\"index, follow, max-snippet:-1, max-image-preview:large, max-video-preview:-1\" \/>\n<link rel=\"canonical\" href=\"https:\/\/www.lingualsystems.de\/linguale-zahnspange-kosten\/\" \/>\n<meta property=\"og:locale\" content=\"tr_TR\" \/>\n<meta property=\"og:type\" content=\"article\" \/>\n<meta property=\"og:title\" content=\"Lingual ortodontik braketlerin maliyeti: Sand\u0131\u011f\u0131n\u0131zdan daha az!\" \/>\n<meta property=\"og:description\" content=\"Lingual ortodontik braketlerin maliyeti hakk\u0131nda daha fazla bilgi almak i\u00e7in internet sayfam\u0131z\u0131 ziyaret edebilirsiniz. Burada sa\u011fl\u0131k sigortas\u0131 kapsam\u0131 ve taksit se\u00e7enekleri hakk\u0131nda ayr\u0131nt\u0131lar\u0131 da bulabilirsiniz.\" \/>\n<meta property=\"og:url\" content=\"https:\/\/www.lingualsystems.de\/linguale-zahnspange-kosten\/\" \/>\n<meta property=\"og:site_name\" content=\"Lingual Systems\" \/>\n<meta property=\"article:modified_time\" content=\"2021-08-04T09:42:37+00:00\" \/>\n<meta name=\"twitter:card\" content=\"summary_large_image\" \/>\n<script type=\"application\/ld+json\" class=\"yoast-schema-graph\">{\"@context\":\"https:\\\/\\\/schema.org\",\"@graph\":[{\"@type\":\"WebPage\",\"@id\":\"https:\\\/\\\/www.lingualsystems.de\\\/linguale-zahnspange-kosten\\\/\",\"url\":\"https:\\\/\\\/www.lingualsystems.de\\\/linguale-zahnspange-kosten\\\/\",\"name\":\"Lingual ortodontik braketlerin maliyeti: Sand\u0131\u011f\u0131n\u0131zdan daha az!\",\"isPartOf\":{\"@id\":\"https:\\\/\\\/www.lingualsystems.de\\\/#website\"},\"datePublished\":\"2018-10-11T09:35:13+00:00\",\"dateModified\":\"2021-08-04T09:42:37+00:00\",\"description\":\"Lingual ortodontik braketlerin maliyeti hakk\u0131nda daha fazla bilgi almak i\u00e7in internet sayfam\u0131z\u0131 ziyaret edebilirsiniz. Burada sa\u011fl\u0131k sigortas\u0131 kapsam\u0131 ve taksit se\u00e7enekleri hakk\u0131nda ayr\u0131nt\u0131lar\u0131 da bulabilirsiniz.\",\"breadcrumb\":{\"@id\":\"https:\\\/\\\/www.lingualsystems.de\\\/linguale-zahnspange-kosten\\\/#breadcrumb\"},\"inLanguage\":\"tr\",\"potentialAction\":[{\"@type\":\"ReadAction\",\"target\":[\"https:\\\/\\\/www.lingualsystems.de\\\/linguale-zahnspange-kosten\\\/\"]}]},{\"@type\":\"BreadcrumbList\",\"@id\":\"https:\\\/\\\/www.lingualsystems.de\\\/linguale-zahnspange-kosten\\\/#breadcrumb\",\"itemListElement\":[{\"@type\":\"ListItem\",\"position\":1,\"name\":\"Home\",\"item\":\"https:\\\/\\\/www.lingualsystems.de\\\/tr\\\/\"},{\"@type\":\"ListItem\",\"position\":2,\"name\":\"Maliyet\"}]},{\"@type\":\"WebSite\",\"@id\":\"https:\\\/\\\/www.lingualsystems.de\\\/#website\",\"url\":\"https:\\\/\\\/www.lingualsystems.de\\\/\",\"name\":\"Lingual Systems\",\"description\":\"\",\"potentialAction\":[{\"@type\":\"SearchAction\",\"target\":{\"@type\":\"EntryPoint\",\"urlTemplate\":\"https:\\\/\\\/www.lingualsystems.de\\\/?s={search_term_string}\"},\"query-input\":{\"@type\":\"PropertyValueSpecification\",\"valueRequired\":true,\"valueName\":\"search_term_string\"}}],\"inLanguage\":\"tr\"}]}<\/script>\n<!-- \/ Yoast SEO plugin. -->","yoast_head_json":{"title":"Lingual ortodontik braketlerin maliyeti: Sand\u0131\u011f\u0131n\u0131zdan daha az!","description":"Lingual ortodontik braketlerin maliyeti hakk\u0131nda daha fazla bilgi almak i\u00e7in internet sayfam\u0131z\u0131 ziyaret edebilirsiniz. Burada sa\u011fl\u0131k sigortas\u0131 kapsam\u0131 ve taksit se\u00e7enekleri hakk\u0131nda ayr\u0131nt\u0131lar\u0131 da bulabilirsiniz.","robots":{"index":"index","follow":"follow","max-snippet":"max-snippet:-1","max-image-preview":"max-image-preview:large","max-video-preview":"max-video-preview:-1"},"canonical":"https:\/\/www.lingualsystems.de\/linguale-zahnspange-kosten\/","og_locale":"tr_TR","og_type":"article","og_title":"Lingual ortodontik braketlerin maliyeti: Sand\u0131\u011f\u0131n\u0131zdan daha az!","og_description":"Lingual ortodontik braketlerin maliyeti hakk\u0131nda daha fazla bilgi almak i\u00e7in internet sayfam\u0131z\u0131 ziyaret edebilirsiniz. Burada sa\u011fl\u0131k sigortas\u0131 kapsam\u0131 ve taksit se\u00e7enekleri hakk\u0131nda ayr\u0131nt\u0131lar\u0131 da bulabilirsiniz.","og_url":"https:\/\/www.lingualsystems.de\/linguale-zahnspange-kosten\/","og_site_name":"Lingual Systems","article_modified_time":"2021-08-04T09:42:37+00:00","twitter_card":"summary_large_image","schema":{"@context":"https:\/\/schema.org","@graph":[{"@type":"WebPage","@id":"https:\/\/www.lingualsystems.de\/linguale-zahnspange-kosten\/","url":"https:\/\/www.lingualsystems.de\/linguale-zahnspange-kosten\/","name":"Lingual ortodontik braketlerin maliyeti: Sand\u0131\u011f\u0131n\u0131zdan daha az!","isPartOf":{"@id":"https:\/\/www.lingualsystems.de\/#website"},"datePublished":"2018-10-11T09:35:13+00:00","dateModified":"2021-08-04T09:42:37+00:00","description":"Lingual ortodontik braketlerin maliyeti hakk\u0131nda daha fazla bilgi almak i\u00e7in internet sayfam\u0131z\u0131 ziyaret edebilirsiniz. Burada sa\u011fl\u0131k sigortas\u0131 kapsam\u0131 ve taksit se\u00e7enekleri hakk\u0131nda ayr\u0131nt\u0131lar\u0131 da bulabilirsiniz.","breadcrumb":{"@id":"https:\/\/www.lingualsystems.de\/linguale-zahnspange-kosten\/#breadcrumb"},"inLanguage":"tr","potentialAction":[{"@type":"ReadAction","target":["https:\/\/www.lingualsystems.de\/linguale-zahnspange-kosten\/"]}]},{"@type":"BreadcrumbList","@id":"https:\/\/www.lingualsystems.de\/linguale-zahnspange-kosten\/#breadcrumb","itemListElement":[{"@type":"ListItem","position":1,"name":"Home","item":"https:\/\/www.lingualsystems.de\/tr\/"},{"@type":"ListItem","position":2,"name":"Maliyet"}]},{"@type":"WebSite","@id":"https:\/\/www.lingualsystems.de\/#website","url":"https:\/\/www.lingualsystems.de\/","name":"Lingual Systems","description":"","potentialAction":[{"@type":"SearchAction","target":{"@type":"EntryPoint","urlTemplate":"https:\/\/www.lingualsystems.de\/?s={search_term_string}"},"query-input":{"@type":"PropertyValueSpecification","valueRequired":true,"valueName":"search_term_string"}}],"inLanguage":"tr"}]}},"_links":{"self":[{"href":"https:\/\/www.lingualsystems.de\/tr\/wp-json\/wp\/v2\/pages\/10977","targetHints":{"allow":["GET"]}}],"collection":[{"href":"https:\/\/www.lingualsystems.de\/tr\/wp-json\/wp\/v2\/pages"}],"about":[{"href":"https:\/\/www.lingualsystems.de\/tr\/wp-json\/wp\/v2\/types\/page"}],"author":[{"embeddable":true,"href":"https:\/\/www.lingualsystems.de\/tr\/wp-json\/wp\/v2\/users\/7"}],"replies":[{"embeddable":true,"href":"https:\/\/www.lingualsystems.de\/tr\/wp-json\/wp\/v2\/comments?post=10977"}],"version-history":[{"count":9,"href":"https:\/\/www.lingualsystems.de\/tr\/wp-json\/wp\/v2\/pages\/10977\/revisions"}],"predecessor-version":[{"id":15762,"href":"https:\/\/www.lingualsystems.de\/tr\/wp-json\/wp\/v2\/pages\/10977\/revisions\/15762"}],"wp:attachment":[{"href":"https:\/\/www.lingualsystems.de\/tr\/wp-json\/wp\/v2\/media?parent=10977"}],"curies":[{"name":"wp","href":"https:\/\/api.w.org\/{rel}","templated":true}]}}