
{"id":10969,"date":"2018-10-11T11:34:59","date_gmt":"2018-10-11T09:34:59","guid":{"rendered":"http:\/\/www.lingualsystems.de\/behandlungsprozess-zahnkorrektur\/"},"modified":"2021-08-04T11:40:06","modified_gmt":"2021-08-04T09:40:06","slug":"dis-duezeltme","status":"publish","type":"page","link":"https:\/\/www.lingualsystems.de\/tr\/dis-duezeltme\/","title":{"rendered":"Tedavi s\u00fcreci"},"content":{"rendered":"","protected":false},"excerpt":{"rendered":"","protected":false},"author":7,"featured_media":0,"parent":0,"menu_order":0,"comment_status":"closed","ping_status":"closed","template":"","meta":{"_acf_changed":false,"footnotes":""},"class_list":["post-10969","page","type-page","status-publish","hentry"],"acf":[],"yoast_head":"<!-- This site is optimized with the Yoast SEO plugin v27.4 - https:\/\/yoast.com\/product\/yoast-seo-wordpress\/ -->\n<title>Di\u015f d\u00fczeltme: G\u00fcvenilir Tedavi \u0130\u015flemi<\/title>\n<meta name=\"description\" content=\"WIN Appliance: G\u00fcvenilir di\u015f d\u00fczeltme i\u015flemi, di\u015flerin \u00fc\u00e7 boyutlu hareketi ile sa\u011flan\u0131r ve b\u00f6ylece tedavi sonu\u00e7lar\u0131 olduk\u00e7a \u00f6ng\u00f6r\u00fclebilir hale gelir.\" \/>\n<meta name=\"robots\" content=\"index, follow, max-snippet:-1, max-image-preview:large, max-video-preview:-1\" \/>\n<link rel=\"canonical\" href=\"https:\/\/www.lingualsystems.de\/behandlungsprozess-zahnkorrektur\/\" \/>\n<meta property=\"og:locale\" content=\"tr_TR\" \/>\n<meta property=\"og:type\" content=\"article\" \/>\n<meta property=\"og:title\" content=\"Di\u015f d\u00fczeltme: G\u00fcvenilir Tedavi \u0130\u015flemi\" \/>\n<meta property=\"og:description\" content=\"WIN Appliance: G\u00fcvenilir di\u015f d\u00fczeltme i\u015flemi, di\u015flerin \u00fc\u00e7 boyutlu hareketi ile sa\u011flan\u0131r ve b\u00f6ylece tedavi sonu\u00e7lar\u0131 olduk\u00e7a \u00f6ng\u00f6r\u00fclebilir hale gelir.\" \/>\n<meta property=\"og:url\" content=\"https:\/\/www.lingualsystems.de\/behandlungsprozess-zahnkorrektur\/\" \/>\n<meta property=\"og:site_name\" content=\"Lingual Systems\" \/>\n<meta property=\"article:modified_time\" content=\"2021-08-04T09:40:06+00:00\" \/>\n<meta name=\"twitter:card\" content=\"summary_large_image\" \/>\n<script type=\"application\/ld+json\" class=\"yoast-schema-graph\">{\"@context\":\"https:\\\/\\\/schema.org\",\"@graph\":[{\"@type\":\"WebPage\",\"@id\":\"https:\\\/\\\/www.lingualsystems.de\\\/behandlungsprozess-zahnkorrektur\\\/\",\"url\":\"https:\\\/\\\/www.lingualsystems.de\\\/behandlungsprozess-zahnkorrektur\\\/\",\"name\":\"Di\u015f d\u00fczeltme: G\u00fcvenilir Tedavi \u0130\u015flemi\",\"isPartOf\":{\"@id\":\"https:\\\/\\\/www.lingualsystems.de\\\/#website\"},\"datePublished\":\"2018-10-11T09:34:59+00:00\",\"dateModified\":\"2021-08-04T09:40:06+00:00\",\"description\":\"WIN Appliance: G\u00fcvenilir di\u015f d\u00fczeltme i\u015flemi, di\u015flerin \u00fc\u00e7 boyutlu hareketi ile sa\u011flan\u0131r ve b\u00f6ylece tedavi sonu\u00e7lar\u0131 olduk\u00e7a \u00f6ng\u00f6r\u00fclebilir hale gelir.\",\"breadcrumb\":{\"@id\":\"https:\\\/\\\/www.lingualsystems.de\\\/behandlungsprozess-zahnkorrektur\\\/#breadcrumb\"},\"inLanguage\":\"tr\",\"potentialAction\":[{\"@type\":\"ReadAction\",\"target\":[\"https:\\\/\\\/www.lingualsystems.de\\\/behandlungsprozess-zahnkorrektur\\\/\"]}]},{\"@type\":\"BreadcrumbList\",\"@id\":\"https:\\\/\\\/www.lingualsystems.de\\\/behandlungsprozess-zahnkorrektur\\\/#breadcrumb\",\"itemListElement\":[{\"@type\":\"ListItem\",\"position\":1,\"name\":\"Home\",\"item\":\"https:\\\/\\\/www.lingualsystems.de\\\/tr\\\/\"},{\"@type\":\"ListItem\",\"position\":2,\"name\":\"Tedavi s\u00fcreci\"}]},{\"@type\":\"WebSite\",\"@id\":\"https:\\\/\\\/www.lingualsystems.de\\\/#website\",\"url\":\"https:\\\/\\\/www.lingualsystems.de\\\/\",\"name\":\"Lingual Systems\",\"description\":\"\",\"potentialAction\":[{\"@type\":\"SearchAction\",\"target\":{\"@type\":\"EntryPoint\",\"urlTemplate\":\"https:\\\/\\\/www.lingualsystems.de\\\/?s={search_term_string}\"},\"query-input\":{\"@type\":\"PropertyValueSpecification\",\"valueRequired\":true,\"valueName\":\"search_term_string\"}}],\"inLanguage\":\"tr\"}]}<\/script>\n<!-- \/ Yoast SEO plugin. -->","yoast_head_json":{"title":"Di\u015f d\u00fczeltme: G\u00fcvenilir Tedavi \u0130\u015flemi","description":"WIN Appliance: G\u00fcvenilir di\u015f d\u00fczeltme i\u015flemi, di\u015flerin \u00fc\u00e7 boyutlu hareketi ile sa\u011flan\u0131r ve b\u00f6ylece tedavi sonu\u00e7lar\u0131 olduk\u00e7a \u00f6ng\u00f6r\u00fclebilir hale gelir.","robots":{"index":"index","follow":"follow","max-snippet":"max-snippet:-1","max-image-preview":"max-image-preview:large","max-video-preview":"max-video-preview:-1"},"canonical":"https:\/\/www.lingualsystems.de\/behandlungsprozess-zahnkorrektur\/","og_locale":"tr_TR","og_type":"article","og_title":"Di\u015f d\u00fczeltme: G\u00fcvenilir Tedavi \u0130\u015flemi","og_description":"WIN Appliance: G\u00fcvenilir di\u015f d\u00fczeltme i\u015flemi, di\u015flerin \u00fc\u00e7 boyutlu hareketi ile sa\u011flan\u0131r ve b\u00f6ylece tedavi sonu\u00e7lar\u0131 olduk\u00e7a \u00f6ng\u00f6r\u00fclebilir hale gelir.","og_url":"https:\/\/www.lingualsystems.de\/behandlungsprozess-zahnkorrektur\/","og_site_name":"Lingual Systems","article_modified_time":"2021-08-04T09:40:06+00:00","twitter_card":"summary_large_image","schema":{"@context":"https:\/\/schema.org","@graph":[{"@type":"WebPage","@id":"https:\/\/www.lingualsystems.de\/behandlungsprozess-zahnkorrektur\/","url":"https:\/\/www.lingualsystems.de\/behandlungsprozess-zahnkorrektur\/","name":"Di\u015f d\u00fczeltme: G\u00fcvenilir Tedavi \u0130\u015flemi","isPartOf":{"@id":"https:\/\/www.lingualsystems.de\/#website"},"datePublished":"2018-10-11T09:34:59+00:00","dateModified":"2021-08-04T09:40:06+00:00","description":"WIN Appliance: G\u00fcvenilir di\u015f d\u00fczeltme i\u015flemi, di\u015flerin \u00fc\u00e7 boyutlu hareketi ile sa\u011flan\u0131r ve b\u00f6ylece tedavi sonu\u00e7lar\u0131 olduk\u00e7a \u00f6ng\u00f6r\u00fclebilir hale gelir.","breadcrumb":{"@id":"https:\/\/www.lingualsystems.de\/behandlungsprozess-zahnkorrektur\/#breadcrumb"},"inLanguage":"tr","potentialAction":[{"@type":"ReadAction","target":["https:\/\/www.lingualsystems.de\/behandlungsprozess-zahnkorrektur\/"]}]},{"@type":"BreadcrumbList","@id":"https:\/\/www.lingualsystems.de\/behandlungsprozess-zahnkorrektur\/#breadcrumb","itemListElement":[{"@type":"ListItem","position":1,"name":"Home","item":"https:\/\/www.lingualsystems.de\/tr\/"},{"@type":"ListItem","position":2,"name":"Tedavi s\u00fcreci"}]},{"@type":"WebSite","@id":"https:\/\/www.lingualsystems.de\/#website","url":"https:\/\/www.lingualsystems.de\/","name":"Lingual Systems","description":"","potentialAction":[{"@type":"SearchAction","target":{"@type":"EntryPoint","urlTemplate":"https:\/\/www.lingualsystems.de\/?s={search_term_string}"},"query-input":{"@type":"PropertyValueSpecification","valueRequired":true,"valueName":"search_term_string"}}],"inLanguage":"tr"}]}},"_links":{"self":[{"href":"https:\/\/www.lingualsystems.de\/tr\/wp-json\/wp\/v2\/pages\/10969","targetHints":{"allow":["GET"]}}],"collection":[{"href":"https:\/\/www.lingualsystems.de\/tr\/wp-json\/wp\/v2\/pages"}],"about":[{"href":"https:\/\/www.lingualsystems.de\/tr\/wp-json\/wp\/v2\/types\/page"}],"author":[{"embeddable":true,"href":"https:\/\/www.lingualsystems.de\/tr\/wp-json\/wp\/v2\/users\/7"}],"replies":[{"embeddable":true,"href":"https:\/\/www.lingualsystems.de\/tr\/wp-json\/wp\/v2\/comments?post=10969"}],"version-history":[{"count":6,"href":"https:\/\/www.lingualsystems.de\/tr\/wp-json\/wp\/v2\/pages\/10969\/revisions"}],"predecessor-version":[{"id":15758,"href":"https:\/\/www.lingualsystems.de\/tr\/wp-json\/wp\/v2\/pages\/10969\/revisions\/15758"}],"wp:attachment":[{"href":"https:\/\/www.lingualsystems.de\/tr\/wp-json\/wp\/v2\/media?parent=10969"}],"curies":[{"name":"wp","href":"https:\/\/api.w.org\/{rel}","templated":true}]}}