
{"id":10961,"date":"2018-10-11T11:34:32","date_gmt":"2018-10-11T09:34:32","guid":{"rendered":"http:\/\/www.lingualsystems.de\/win-lingualtechnik\/"},"modified":"2022-04-20T15:13:22","modified_gmt":"2022-04-20T13:13:22","slug":"win-lingual-teknolojisi","status":"publish","type":"page","link":"https:\/\/www.lingualsystems.de\/tr\/win-lingual-teknolojisi\/","title":{"rendered":"WIN Lingual Teknolojisi"},"content":{"rendered":"","protected":false},"excerpt":{"rendered":"","protected":false},"author":7,"featured_media":0,"parent":0,"menu_order":0,"comment_status":"closed","ping_status":"closed","template":"","meta":{"_acf_changed":false,"footnotes":""},"class_list":["post-10961","page","type-page","status-publish","hentry"],"acf":[],"yoast_head":"<!-- This site is optimized with the Yoast SEO plugin v27.4 - https:\/\/yoast.com\/product\/yoast-seo-wordpress\/ -->\n<title>WIN Lingual Teknolojisi: \u00dcst\u00fcn Alman Teknolojisi<\/title>\n<meta name=\"description\" content=\"WIN Lingual Teknolojisi, her hasta i\u00e7in ki\u015fiye \u00f6zel lingual ortodontik braketlerin hatas\u0131z \u015fekilde tasarlan\u0131p \u00fcretilmesi i\u00e7in patentli bir \u00fcretim i\u015flemini kullan\u0131r.\" \/>\n<meta name=\"robots\" content=\"index, follow, max-snippet:-1, max-image-preview:large, max-video-preview:-1\" \/>\n<link rel=\"canonical\" href=\"https:\/\/www.lingualsystems.de\/win-lingualtechnik\/\" \/>\n<meta property=\"og:locale\" content=\"tr_TR\" \/>\n<meta property=\"og:type\" content=\"article\" \/>\n<meta property=\"og:title\" content=\"WIN Lingual Teknolojisi: \u00dcst\u00fcn Alman Teknolojisi\" \/>\n<meta property=\"og:description\" content=\"WIN Lingual Teknolojisi, her hasta i\u00e7in ki\u015fiye \u00f6zel lingual ortodontik braketlerin hatas\u0131z \u015fekilde tasarlan\u0131p \u00fcretilmesi i\u00e7in patentli bir \u00fcretim i\u015flemini kullan\u0131r.\" \/>\n<meta property=\"og:url\" content=\"https:\/\/www.lingualsystems.de\/win-lingualtechnik\/\" \/>\n<meta property=\"og:site_name\" content=\"Lingual Systems\" \/>\n<meta property=\"article:modified_time\" content=\"2022-04-20T13:13:22+00:00\" \/>\n<meta name=\"twitter:card\" content=\"summary_large_image\" \/>\n<script type=\"application\/ld+json\" class=\"yoast-schema-graph\">{\"@context\":\"https:\\\/\\\/schema.org\",\"@graph\":[{\"@type\":\"WebPage\",\"@id\":\"https:\\\/\\\/www.lingualsystems.de\\\/win-lingualtechnik\\\/\",\"url\":\"https:\\\/\\\/www.lingualsystems.de\\\/win-lingualtechnik\\\/\",\"name\":\"WIN Lingual Teknolojisi: \u00dcst\u00fcn Alman Teknolojisi\",\"isPartOf\":{\"@id\":\"https:\\\/\\\/www.lingualsystems.de\\\/#website\"},\"datePublished\":\"2018-10-11T09:34:32+00:00\",\"dateModified\":\"2022-04-20T13:13:22+00:00\",\"description\":\"WIN Lingual Teknolojisi, her hasta i\u00e7in ki\u015fiye \u00f6zel lingual ortodontik braketlerin hatas\u0131z \u015fekilde tasarlan\u0131p \u00fcretilmesi i\u00e7in patentli bir \u00fcretim i\u015flemini kullan\u0131r.\",\"breadcrumb\":{\"@id\":\"https:\\\/\\\/www.lingualsystems.de\\\/win-lingualtechnik\\\/#breadcrumb\"},\"inLanguage\":\"tr\",\"potentialAction\":[{\"@type\":\"ReadAction\",\"target\":[\"https:\\\/\\\/www.lingualsystems.de\\\/win-lingualtechnik\\\/\"]}]},{\"@type\":\"BreadcrumbList\",\"@id\":\"https:\\\/\\\/www.lingualsystems.de\\\/win-lingualtechnik\\\/#breadcrumb\",\"itemListElement\":[{\"@type\":\"ListItem\",\"position\":1,\"name\":\"Home\",\"item\":\"https:\\\/\\\/www.lingualsystems.de\\\/tr\\\/\"},{\"@type\":\"ListItem\",\"position\":2,\"name\":\"WIN Lingual Teknolojisi\"}]},{\"@type\":\"WebSite\",\"@id\":\"https:\\\/\\\/www.lingualsystems.de\\\/#website\",\"url\":\"https:\\\/\\\/www.lingualsystems.de\\\/\",\"name\":\"Lingual Systems\",\"description\":\"\",\"potentialAction\":[{\"@type\":\"SearchAction\",\"target\":{\"@type\":\"EntryPoint\",\"urlTemplate\":\"https:\\\/\\\/www.lingualsystems.de\\\/?s={search_term_string}\"},\"query-input\":{\"@type\":\"PropertyValueSpecification\",\"valueRequired\":true,\"valueName\":\"search_term_string\"}}],\"inLanguage\":\"tr\"}]}<\/script>\n<!-- \/ Yoast SEO plugin. -->","yoast_head_json":{"title":"WIN Lingual Teknolojisi: \u00dcst\u00fcn Alman Teknolojisi","description":"WIN Lingual Teknolojisi, her hasta i\u00e7in ki\u015fiye \u00f6zel lingual ortodontik braketlerin hatas\u0131z \u015fekilde tasarlan\u0131p \u00fcretilmesi i\u00e7in patentli bir \u00fcretim i\u015flemini kullan\u0131r.","robots":{"index":"index","follow":"follow","max-snippet":"max-snippet:-1","max-image-preview":"max-image-preview:large","max-video-preview":"max-video-preview:-1"},"canonical":"https:\/\/www.lingualsystems.de\/win-lingualtechnik\/","og_locale":"tr_TR","og_type":"article","og_title":"WIN Lingual Teknolojisi: \u00dcst\u00fcn Alman Teknolojisi","og_description":"WIN Lingual Teknolojisi, her hasta i\u00e7in ki\u015fiye \u00f6zel lingual ortodontik braketlerin hatas\u0131z \u015fekilde tasarlan\u0131p \u00fcretilmesi i\u00e7in patentli bir \u00fcretim i\u015flemini kullan\u0131r.","og_url":"https:\/\/www.lingualsystems.de\/win-lingualtechnik\/","og_site_name":"Lingual Systems","article_modified_time":"2022-04-20T13:13:22+00:00","twitter_card":"summary_large_image","schema":{"@context":"https:\/\/schema.org","@graph":[{"@type":"WebPage","@id":"https:\/\/www.lingualsystems.de\/win-lingualtechnik\/","url":"https:\/\/www.lingualsystems.de\/win-lingualtechnik\/","name":"WIN Lingual Teknolojisi: \u00dcst\u00fcn Alman Teknolojisi","isPartOf":{"@id":"https:\/\/www.lingualsystems.de\/#website"},"datePublished":"2018-10-11T09:34:32+00:00","dateModified":"2022-04-20T13:13:22+00:00","description":"WIN Lingual Teknolojisi, her hasta i\u00e7in ki\u015fiye \u00f6zel lingual ortodontik braketlerin hatas\u0131z \u015fekilde tasarlan\u0131p \u00fcretilmesi i\u00e7in patentli bir \u00fcretim i\u015flemini kullan\u0131r.","breadcrumb":{"@id":"https:\/\/www.lingualsystems.de\/win-lingualtechnik\/#breadcrumb"},"inLanguage":"tr","potentialAction":[{"@type":"ReadAction","target":["https:\/\/www.lingualsystems.de\/win-lingualtechnik\/"]}]},{"@type":"BreadcrumbList","@id":"https:\/\/www.lingualsystems.de\/win-lingualtechnik\/#breadcrumb","itemListElement":[{"@type":"ListItem","position":1,"name":"Home","item":"https:\/\/www.lingualsystems.de\/tr\/"},{"@type":"ListItem","position":2,"name":"WIN Lingual Teknolojisi"}]},{"@type":"WebSite","@id":"https:\/\/www.lingualsystems.de\/#website","url":"https:\/\/www.lingualsystems.de\/","name":"Lingual Systems","description":"","potentialAction":[{"@type":"SearchAction","target":{"@type":"EntryPoint","urlTemplate":"https:\/\/www.lingualsystems.de\/?s={search_term_string}"},"query-input":{"@type":"PropertyValueSpecification","valueRequired":true,"valueName":"search_term_string"}}],"inLanguage":"tr"}]}},"_links":{"self":[{"href":"https:\/\/www.lingualsystems.de\/tr\/wp-json\/wp\/v2\/pages\/10961","targetHints":{"allow":["GET"]}}],"collection":[{"href":"https:\/\/www.lingualsystems.de\/tr\/wp-json\/wp\/v2\/pages"}],"about":[{"href":"https:\/\/www.lingualsystems.de\/tr\/wp-json\/wp\/v2\/types\/page"}],"author":[{"embeddable":true,"href":"https:\/\/www.lingualsystems.de\/tr\/wp-json\/wp\/v2\/users\/7"}],"replies":[{"embeddable":true,"href":"https:\/\/www.lingualsystems.de\/tr\/wp-json\/wp\/v2\/comments?post=10961"}],"version-history":[{"count":6,"href":"https:\/\/www.lingualsystems.de\/tr\/wp-json\/wp\/v2\/pages\/10961\/revisions"}],"predecessor-version":[{"id":16813,"href":"https:\/\/www.lingualsystems.de\/tr\/wp-json\/wp\/v2\/pages\/10961\/revisions\/16813"}],"wp:attachment":[{"href":"https:\/\/www.lingualsystems.de\/tr\/wp-json\/wp\/v2\/media?parent=10961"}],"curies":[{"name":"wp","href":"https:\/\/api.w.org\/{rel}","templated":true}]}}