
{"id":8502,"date":"2018-10-11T11:35:27","date_gmt":"2018-10-11T09:35:27","guid":{"rendered":"http:\/\/www.lingualsystems.de\/lingualtechnik-erfahrungen\/"},"modified":"2021-06-03T13:05:14","modified_gmt":"2021-06-03T11:05:14","slug":"experience-avec-l-appareil-lingual","status":"publish","type":"page","link":"https:\/\/www.lingualsystems.de\/fr\/experience-avec-l-appareil-lingual\/","title":{"rendered":"Qu&rsquo;en pensent les patients?"},"content":{"rendered":"","protected":false},"excerpt":{"rendered":"","protected":false},"author":7,"featured_media":0,"parent":0,"menu_order":0,"comment_status":"closed","ping_status":"closed","template":"","meta":{"_acf_changed":false,"footnotes":""},"class_list":["post-8502","page","type-page","status-publish","hentry"],"acf":[],"yoast_head":"<!-- This site is optimized with the Yoast SEO plugin v27.4 - https:\/\/yoast.com\/product\/yoast-seo-wordpress\/ -->\n<title>Exp\u00e9rience avec un appareil lingual WIN: T\u00e9moignages de patients<\/title>\n<meta name=\"description\" content=\"Les patients partagent leur exp\u00e9rience de traitement avec l\u2019appareil lingual WIN: du c\u00f4t\u00e9 esth\u00e9tique aux r\u00e9sultats de traitement durables.\" \/>\n<meta name=\"robots\" content=\"index, follow, max-snippet:-1, max-image-preview:large, max-video-preview:-1\" \/>\n<link rel=\"canonical\" href=\"https:\/\/www.lingualsystems.de\/lingualtechnik-erfahrungen\/\" \/>\n<meta property=\"og:locale\" content=\"fr_FR\" \/>\n<meta property=\"og:type\" content=\"article\" \/>\n<meta property=\"og:title\" content=\"Exp\u00e9rience avec un appareil lingual WIN: T\u00e9moignages de patients\" \/>\n<meta property=\"og:description\" content=\"Les patients partagent leur exp\u00e9rience de traitement avec l\u2019appareil lingual WIN: du c\u00f4t\u00e9 esth\u00e9tique aux r\u00e9sultats de traitement durables.\" \/>\n<meta property=\"og:url\" content=\"https:\/\/www.lingualsystems.de\/lingualtechnik-erfahrungen\/\" \/>\n<meta property=\"og:site_name\" content=\"Lingual Systems\" \/>\n<meta property=\"article:modified_time\" content=\"2021-06-03T11:05:14+00:00\" \/>\n<meta name=\"twitter:card\" content=\"summary_large_image\" \/>\n<script type=\"application\/ld+json\" class=\"yoast-schema-graph\">{\"@context\":\"https:\\\/\\\/schema.org\",\"@graph\":[{\"@type\":\"WebPage\",\"@id\":\"https:\\\/\\\/www.lingualsystems.de\\\/lingualtechnik-erfahrungen\\\/\",\"url\":\"https:\\\/\\\/www.lingualsystems.de\\\/lingualtechnik-erfahrungen\\\/\",\"name\":\"Exp\u00e9rience avec un appareil lingual WIN: T\u00e9moignages de patients\",\"isPartOf\":{\"@id\":\"https:\\\/\\\/www.lingualsystems.de\\\/#website\"},\"datePublished\":\"2018-10-11T09:35:27+00:00\",\"dateModified\":\"2021-06-03T11:05:14+00:00\",\"description\":\"Les patients partagent leur exp\u00e9rience de traitement avec l\u2019appareil lingual WIN: du c\u00f4t\u00e9 esth\u00e9tique aux r\u00e9sultats de traitement durables.\",\"breadcrumb\":{\"@id\":\"https:\\\/\\\/www.lingualsystems.de\\\/lingualtechnik-erfahrungen\\\/#breadcrumb\"},\"inLanguage\":\"fr-FR\",\"potentialAction\":[{\"@type\":\"ReadAction\",\"target\":[\"https:\\\/\\\/www.lingualsystems.de\\\/lingualtechnik-erfahrungen\\\/\"]}]},{\"@type\":\"BreadcrumbList\",\"@id\":\"https:\\\/\\\/www.lingualsystems.de\\\/lingualtechnik-erfahrungen\\\/#breadcrumb\",\"itemListElement\":[{\"@type\":\"ListItem\",\"position\":1,\"name\":\"Home\",\"item\":\"https:\\\/\\\/www.lingualsystems.de\\\/fr\\\/\"},{\"@type\":\"ListItem\",\"position\":2,\"name\":\"Qu&#8217;en pensent les patients?\"}]},{\"@type\":\"WebSite\",\"@id\":\"https:\\\/\\\/www.lingualsystems.de\\\/#website\",\"url\":\"https:\\\/\\\/www.lingualsystems.de\\\/\",\"name\":\"Lingual Systems\",\"description\":\"\",\"potentialAction\":[{\"@type\":\"SearchAction\",\"target\":{\"@type\":\"EntryPoint\",\"urlTemplate\":\"https:\\\/\\\/www.lingualsystems.de\\\/?s={search_term_string}\"},\"query-input\":{\"@type\":\"PropertyValueSpecification\",\"valueRequired\":true,\"valueName\":\"search_term_string\"}}],\"inLanguage\":\"fr-FR\"}]}<\/script>\n<!-- \/ Yoast SEO plugin. -->","yoast_head_json":{"title":"Exp\u00e9rience avec un appareil lingual WIN: T\u00e9moignages de patients","description":"Les patients partagent leur exp\u00e9rience de traitement avec l\u2019appareil lingual WIN: du c\u00f4t\u00e9 esth\u00e9tique aux r\u00e9sultats de traitement durables.","robots":{"index":"index","follow":"follow","max-snippet":"max-snippet:-1","max-image-preview":"max-image-preview:large","max-video-preview":"max-video-preview:-1"},"canonical":"https:\/\/www.lingualsystems.de\/lingualtechnik-erfahrungen\/","og_locale":"fr_FR","og_type":"article","og_title":"Exp\u00e9rience avec un appareil lingual WIN: T\u00e9moignages de patients","og_description":"Les patients partagent leur exp\u00e9rience de traitement avec l\u2019appareil lingual WIN: du c\u00f4t\u00e9 esth\u00e9tique aux r\u00e9sultats de traitement durables.","og_url":"https:\/\/www.lingualsystems.de\/lingualtechnik-erfahrungen\/","og_site_name":"Lingual Systems","article_modified_time":"2021-06-03T11:05:14+00:00","twitter_card":"summary_large_image","schema":{"@context":"https:\/\/schema.org","@graph":[{"@type":"WebPage","@id":"https:\/\/www.lingualsystems.de\/lingualtechnik-erfahrungen\/","url":"https:\/\/www.lingualsystems.de\/lingualtechnik-erfahrungen\/","name":"Exp\u00e9rience avec un appareil lingual WIN: T\u00e9moignages de patients","isPartOf":{"@id":"https:\/\/www.lingualsystems.de\/#website"},"datePublished":"2018-10-11T09:35:27+00:00","dateModified":"2021-06-03T11:05:14+00:00","description":"Les patients partagent leur exp\u00e9rience de traitement avec l\u2019appareil lingual WIN: du c\u00f4t\u00e9 esth\u00e9tique aux r\u00e9sultats de traitement durables.","breadcrumb":{"@id":"https:\/\/www.lingualsystems.de\/lingualtechnik-erfahrungen\/#breadcrumb"},"inLanguage":"fr-FR","potentialAction":[{"@type":"ReadAction","target":["https:\/\/www.lingualsystems.de\/lingualtechnik-erfahrungen\/"]}]},{"@type":"BreadcrumbList","@id":"https:\/\/www.lingualsystems.de\/lingualtechnik-erfahrungen\/#breadcrumb","itemListElement":[{"@type":"ListItem","position":1,"name":"Home","item":"https:\/\/www.lingualsystems.de\/fr\/"},{"@type":"ListItem","position":2,"name":"Qu&#8217;en pensent les patients?"}]},{"@type":"WebSite","@id":"https:\/\/www.lingualsystems.de\/#website","url":"https:\/\/www.lingualsystems.de\/","name":"Lingual Systems","description":"","potentialAction":[{"@type":"SearchAction","target":{"@type":"EntryPoint","urlTemplate":"https:\/\/www.lingualsystems.de\/?s={search_term_string}"},"query-input":{"@type":"PropertyValueSpecification","valueRequired":true,"valueName":"search_term_string"}}],"inLanguage":"fr-FR"}]}},"_links":{"self":[{"href":"https:\/\/www.lingualsystems.de\/fr\/wp-json\/wp\/v2\/pages\/8502","targetHints":{"allow":["GET"]}}],"collection":[{"href":"https:\/\/www.lingualsystems.de\/fr\/wp-json\/wp\/v2\/pages"}],"about":[{"href":"https:\/\/www.lingualsystems.de\/fr\/wp-json\/wp\/v2\/types\/page"}],"author":[{"embeddable":true,"href":"https:\/\/www.lingualsystems.de\/fr\/wp-json\/wp\/v2\/users\/7"}],"replies":[{"embeddable":true,"href":"https:\/\/www.lingualsystems.de\/fr\/wp-json\/wp\/v2\/comments?post=8502"}],"version-history":[{"count":19,"href":"https:\/\/www.lingualsystems.de\/fr\/wp-json\/wp\/v2\/pages\/8502\/revisions"}],"predecessor-version":[{"id":11926,"href":"https:\/\/www.lingualsystems.de\/fr\/wp-json\/wp\/v2\/pages\/8502\/revisions\/11926"}],"wp:attachment":[{"href":"https:\/\/www.lingualsystems.de\/fr\/wp-json\/wp\/v2\/media?parent=8502"}],"curies":[{"name":"wp","href":"https:\/\/api.w.org\/{rel}","templated":true}]}}