
{"id":8490,"date":"2018-10-11T11:34:59","date_gmt":"2018-10-11T09:34:59","guid":{"rendered":"http:\/\/www.lingualsystems.de\/behandlungsprozess-zahnkorrektur\/"},"modified":"2021-08-04T11:39:32","modified_gmt":"2021-08-04T09:39:32","slug":"correction-dentaire","status":"publish","type":"page","link":"https:\/\/www.lingualsystems.de\/fr\/correction-dentaire\/","title":{"rendered":"D\u00e9roulement du traitement"},"content":{"rendered":"","protected":false},"excerpt":{"rendered":"","protected":false},"author":7,"featured_media":0,"parent":0,"menu_order":0,"comment_status":"closed","ping_status":"closed","template":"","meta":{"_acf_changed":false,"footnotes":""},"class_list":["post-8490","page","type-page","status-publish","hentry"],"acf":[],"yoast_head":"<!-- This site is optimized with the Yoast SEO plugin v27.4 - https:\/\/yoast.com\/product\/yoast-seo-wordpress\/ -->\n<title>Correction dentaire: Processus de traitement fiable<\/title>\n<meta name=\"description\" content=\"L\u2019appareil WIN: Correction dentaire fiable gr\u00e2ce \u00e0 des mouvements dentaires tridimensionnels permettant des r\u00e9sultats de traitement pr\u00e9dictibles.\" \/>\n<meta name=\"robots\" content=\"index, follow, max-snippet:-1, max-image-preview:large, max-video-preview:-1\" \/>\n<link rel=\"canonical\" href=\"https:\/\/www.lingualsystems.de\/behandlungsprozess-zahnkorrektur\/\" \/>\n<meta property=\"og:locale\" content=\"fr_FR\" \/>\n<meta property=\"og:type\" content=\"article\" \/>\n<meta property=\"og:title\" content=\"Correction dentaire: Processus de traitement fiable\" \/>\n<meta property=\"og:description\" content=\"L\u2019appareil WIN: Correction dentaire fiable gr\u00e2ce \u00e0 des mouvements dentaires tridimensionnels permettant des r\u00e9sultats de traitement pr\u00e9dictibles.\" \/>\n<meta property=\"og:url\" content=\"https:\/\/www.lingualsystems.de\/behandlungsprozess-zahnkorrektur\/\" \/>\n<meta property=\"og:site_name\" content=\"Lingual Systems\" \/>\n<meta property=\"article:modified_time\" content=\"2021-08-04T09:39:32+00:00\" \/>\n<meta name=\"twitter:card\" content=\"summary_large_image\" \/>\n<script type=\"application\/ld+json\" class=\"yoast-schema-graph\">{\"@context\":\"https:\\\/\\\/schema.org\",\"@graph\":[{\"@type\":\"WebPage\",\"@id\":\"https:\\\/\\\/www.lingualsystems.de\\\/behandlungsprozess-zahnkorrektur\\\/\",\"url\":\"https:\\\/\\\/www.lingualsystems.de\\\/behandlungsprozess-zahnkorrektur\\\/\",\"name\":\"Correction dentaire: Processus de traitement fiable\",\"isPartOf\":{\"@id\":\"https:\\\/\\\/www.lingualsystems.de\\\/#website\"},\"datePublished\":\"2018-10-11T09:34:59+00:00\",\"dateModified\":\"2021-08-04T09:39:32+00:00\",\"description\":\"L\u2019appareil WIN: Correction dentaire fiable gr\u00e2ce \u00e0 des mouvements dentaires tridimensionnels permettant des r\u00e9sultats de traitement pr\u00e9dictibles.\",\"breadcrumb\":{\"@id\":\"https:\\\/\\\/www.lingualsystems.de\\\/behandlungsprozess-zahnkorrektur\\\/#breadcrumb\"},\"inLanguage\":\"fr-FR\",\"potentialAction\":[{\"@type\":\"ReadAction\",\"target\":[\"https:\\\/\\\/www.lingualsystems.de\\\/behandlungsprozess-zahnkorrektur\\\/\"]}]},{\"@type\":\"BreadcrumbList\",\"@id\":\"https:\\\/\\\/www.lingualsystems.de\\\/behandlungsprozess-zahnkorrektur\\\/#breadcrumb\",\"itemListElement\":[{\"@type\":\"ListItem\",\"position\":1,\"name\":\"Home\",\"item\":\"https:\\\/\\\/www.lingualsystems.de\\\/fr\\\/\"},{\"@type\":\"ListItem\",\"position\":2,\"name\":\"D\u00e9roulement du traitement\"}]},{\"@type\":\"WebSite\",\"@id\":\"https:\\\/\\\/www.lingualsystems.de\\\/#website\",\"url\":\"https:\\\/\\\/www.lingualsystems.de\\\/\",\"name\":\"Lingual Systems\",\"description\":\"\",\"potentialAction\":[{\"@type\":\"SearchAction\",\"target\":{\"@type\":\"EntryPoint\",\"urlTemplate\":\"https:\\\/\\\/www.lingualsystems.de\\\/?s={search_term_string}\"},\"query-input\":{\"@type\":\"PropertyValueSpecification\",\"valueRequired\":true,\"valueName\":\"search_term_string\"}}],\"inLanguage\":\"fr-FR\"}]}<\/script>\n<!-- \/ Yoast SEO plugin. -->","yoast_head_json":{"title":"Correction dentaire: Processus de traitement fiable","description":"L\u2019appareil WIN: Correction dentaire fiable gr\u00e2ce \u00e0 des mouvements dentaires tridimensionnels permettant des r\u00e9sultats de traitement pr\u00e9dictibles.","robots":{"index":"index","follow":"follow","max-snippet":"max-snippet:-1","max-image-preview":"max-image-preview:large","max-video-preview":"max-video-preview:-1"},"canonical":"https:\/\/www.lingualsystems.de\/behandlungsprozess-zahnkorrektur\/","og_locale":"fr_FR","og_type":"article","og_title":"Correction dentaire: Processus de traitement fiable","og_description":"L\u2019appareil WIN: Correction dentaire fiable gr\u00e2ce \u00e0 des mouvements dentaires tridimensionnels permettant des r\u00e9sultats de traitement pr\u00e9dictibles.","og_url":"https:\/\/www.lingualsystems.de\/behandlungsprozess-zahnkorrektur\/","og_site_name":"Lingual Systems","article_modified_time":"2021-08-04T09:39:32+00:00","twitter_card":"summary_large_image","schema":{"@context":"https:\/\/schema.org","@graph":[{"@type":"WebPage","@id":"https:\/\/www.lingualsystems.de\/behandlungsprozess-zahnkorrektur\/","url":"https:\/\/www.lingualsystems.de\/behandlungsprozess-zahnkorrektur\/","name":"Correction dentaire: Processus de traitement fiable","isPartOf":{"@id":"https:\/\/www.lingualsystems.de\/#website"},"datePublished":"2018-10-11T09:34:59+00:00","dateModified":"2021-08-04T09:39:32+00:00","description":"L\u2019appareil WIN: Correction dentaire fiable gr\u00e2ce \u00e0 des mouvements dentaires tridimensionnels permettant des r\u00e9sultats de traitement pr\u00e9dictibles.","breadcrumb":{"@id":"https:\/\/www.lingualsystems.de\/behandlungsprozess-zahnkorrektur\/#breadcrumb"},"inLanguage":"fr-FR","potentialAction":[{"@type":"ReadAction","target":["https:\/\/www.lingualsystems.de\/behandlungsprozess-zahnkorrektur\/"]}]},{"@type":"BreadcrumbList","@id":"https:\/\/www.lingualsystems.de\/behandlungsprozess-zahnkorrektur\/#breadcrumb","itemListElement":[{"@type":"ListItem","position":1,"name":"Home","item":"https:\/\/www.lingualsystems.de\/fr\/"},{"@type":"ListItem","position":2,"name":"D\u00e9roulement du traitement"}]},{"@type":"WebSite","@id":"https:\/\/www.lingualsystems.de\/#website","url":"https:\/\/www.lingualsystems.de\/","name":"Lingual Systems","description":"","potentialAction":[{"@type":"SearchAction","target":{"@type":"EntryPoint","urlTemplate":"https:\/\/www.lingualsystems.de\/?s={search_term_string}"},"query-input":{"@type":"PropertyValueSpecification","valueRequired":true,"valueName":"search_term_string"}}],"inLanguage":"fr-FR"}]}},"_links":{"self":[{"href":"https:\/\/www.lingualsystems.de\/fr\/wp-json\/wp\/v2\/pages\/8490","targetHints":{"allow":["GET"]}}],"collection":[{"href":"https:\/\/www.lingualsystems.de\/fr\/wp-json\/wp\/v2\/pages"}],"about":[{"href":"https:\/\/www.lingualsystems.de\/fr\/wp-json\/wp\/v2\/types\/page"}],"author":[{"embeddable":true,"href":"https:\/\/www.lingualsystems.de\/fr\/wp-json\/wp\/v2\/users\/7"}],"replies":[{"embeddable":true,"href":"https:\/\/www.lingualsystems.de\/fr\/wp-json\/wp\/v2\/comments?post=8490"}],"version-history":[{"count":12,"href":"https:\/\/www.lingualsystems.de\/fr\/wp-json\/wp\/v2\/pages\/8490\/revisions"}],"predecessor-version":[{"id":15757,"href":"https:\/\/www.lingualsystems.de\/fr\/wp-json\/wp\/v2\/pages\/8490\/revisions\/15757"}],"wp:attachment":[{"href":"https:\/\/www.lingualsystems.de\/fr\/wp-json\/wp\/v2\/media?parent=8490"}],"curies":[{"name":"wp","href":"https:\/\/api.w.org\/{rel}","templated":true}]}}