
{"id":15452,"date":"2021-06-03T13:39:37","date_gmt":"2021-06-03T11:39:37","guid":{"rendered":"http:\/\/www.lingualsystems.de\/?page_id=15452"},"modified":"2021-07-29T15:00:01","modified_gmt":"2021-07-29T13:00:01","slug":"home","status":"publish","type":"page","link":"https:\/\/www.lingualsystems.de\/fr\/","title":{"rendered":"Accueil"},"content":{"rendered":"","protected":false},"excerpt":{"rendered":"","protected":false},"author":7,"featured_media":0,"parent":0,"menu_order":0,"comment_status":"closed","ping_status":"closed","template":"","meta":{"_acf_changed":false,"footnotes":""},"class_list":["post-15452","page","type-page","status-publish","hentry"],"acf":[],"yoast_head":"<!-- This site is optimized with the Yoast SEO plugin v27.4 - https:\/\/yoast.com\/product\/yoast-seo-wordpress\/ -->\n<title>L\u2019appareil WIN de Lingual Systems: Appareil orthodontique lingual invisible<\/title>\n<meta name=\"description\" content=\"L\u2019appareil WIN est coll\u00e9 sur les surfaces internes des dents. Les attaches orthodontiques linguales corrigent toutes les malpositions dentaires m\u00eame les plus s\u00e9v\u00e8res de mani\u00e8re invisible et fiable.\" \/>\n<meta name=\"robots\" content=\"index, follow, max-snippet:-1, max-image-preview:large, max-video-preview:-1\" \/>\n<link rel=\"canonical\" href=\"https:\/\/www.lingualsystems.de\/fr\/\" \/>\n<meta property=\"og:locale\" content=\"fr_FR\" \/>\n<meta property=\"og:type\" content=\"article\" \/>\n<meta property=\"og:title\" content=\"L\u2019appareil WIN de Lingual Systems: Appareil orthodontique lingual invisible\" \/>\n<meta property=\"og:description\" content=\"L\u2019appareil WIN est coll\u00e9 sur les surfaces internes des dents. Les attaches orthodontiques linguales corrigent toutes les malpositions dentaires m\u00eame les plus s\u00e9v\u00e8res de mani\u00e8re invisible et fiable.\" \/>\n<meta property=\"og:url\" content=\"https:\/\/www.lingualsystems.de\/fr\/\" \/>\n<meta property=\"og:site_name\" content=\"Lingual Systems\" \/>\n<meta property=\"article:modified_time\" content=\"2021-07-29T13:00:01+00:00\" \/>\n<meta name=\"twitter:card\" content=\"summary_large_image\" \/>\n<script type=\"application\/ld+json\" class=\"yoast-schema-graph\">{\"@context\":\"https:\\\/\\\/schema.org\",\"@graph\":[{\"@type\":\"WebPage\",\"@id\":\"https:\\\/\\\/www.lingualsystems.de\\\/fr\\\/\",\"url\":\"https:\\\/\\\/www.lingualsystems.de\\\/fr\\\/\",\"name\":\"L\u2019appareil WIN de Lingual Systems: Appareil orthodontique lingual invisible\",\"isPartOf\":{\"@id\":\"https:\\\/\\\/www.lingualsystems.de\\\/#website\"},\"datePublished\":\"2021-06-03T11:39:37+00:00\",\"dateModified\":\"2021-07-29T13:00:01+00:00\",\"description\":\"L\u2019appareil WIN est coll\u00e9 sur les surfaces internes des dents. Les attaches orthodontiques linguales corrigent toutes les malpositions dentaires m\u00eame les plus s\u00e9v\u00e8res de mani\u00e8re invisible et fiable.\",\"breadcrumb\":{\"@id\":\"https:\\\/\\\/www.lingualsystems.de\\\/fr\\\/#breadcrumb\"},\"inLanguage\":\"fr-FR\",\"potentialAction\":[{\"@type\":\"ReadAction\",\"target\":[\"https:\\\/\\\/www.lingualsystems.de\\\/fr\\\/\"]}]},{\"@type\":\"BreadcrumbList\",\"@id\":\"https:\\\/\\\/www.lingualsystems.de\\\/fr\\\/#breadcrumb\",\"itemListElement\":[{\"@type\":\"ListItem\",\"position\":1,\"name\":\"Home\",\"item\":\"https:\\\/\\\/www.lingualsystems.de\\\/fr\\\/\"},{\"@type\":\"ListItem\",\"position\":2,\"name\":\"Accueil\"}]},{\"@type\":\"WebSite\",\"@id\":\"https:\\\/\\\/www.lingualsystems.de\\\/#website\",\"url\":\"https:\\\/\\\/www.lingualsystems.de\\\/\",\"name\":\"Lingual Systems\",\"description\":\"\",\"potentialAction\":[{\"@type\":\"SearchAction\",\"target\":{\"@type\":\"EntryPoint\",\"urlTemplate\":\"https:\\\/\\\/www.lingualsystems.de\\\/?s={search_term_string}\"},\"query-input\":{\"@type\":\"PropertyValueSpecification\",\"valueRequired\":true,\"valueName\":\"search_term_string\"}}],\"inLanguage\":\"fr-FR\"}]}<\/script>\n<!-- \/ Yoast SEO plugin. -->","yoast_head_json":{"title":"L\u2019appareil WIN de Lingual Systems: Appareil orthodontique lingual invisible","description":"L\u2019appareil WIN est coll\u00e9 sur les surfaces internes des dents. Les attaches orthodontiques linguales corrigent toutes les malpositions dentaires m\u00eame les plus s\u00e9v\u00e8res de mani\u00e8re invisible et fiable.","robots":{"index":"index","follow":"follow","max-snippet":"max-snippet:-1","max-image-preview":"max-image-preview:large","max-video-preview":"max-video-preview:-1"},"canonical":"https:\/\/www.lingualsystems.de\/fr\/","og_locale":"fr_FR","og_type":"article","og_title":"L\u2019appareil WIN de Lingual Systems: Appareil orthodontique lingual invisible","og_description":"L\u2019appareil WIN est coll\u00e9 sur les surfaces internes des dents. Les attaches orthodontiques linguales corrigent toutes les malpositions dentaires m\u00eame les plus s\u00e9v\u00e8res de mani\u00e8re invisible et fiable.","og_url":"https:\/\/www.lingualsystems.de\/fr\/","og_site_name":"Lingual Systems","article_modified_time":"2021-07-29T13:00:01+00:00","twitter_card":"summary_large_image","schema":{"@context":"https:\/\/schema.org","@graph":[{"@type":"WebPage","@id":"https:\/\/www.lingualsystems.de\/fr\/","url":"https:\/\/www.lingualsystems.de\/fr\/","name":"L\u2019appareil WIN de Lingual Systems: Appareil orthodontique lingual invisible","isPartOf":{"@id":"https:\/\/www.lingualsystems.de\/#website"},"datePublished":"2021-06-03T11:39:37+00:00","dateModified":"2021-07-29T13:00:01+00:00","description":"L\u2019appareil WIN est coll\u00e9 sur les surfaces internes des dents. Les attaches orthodontiques linguales corrigent toutes les malpositions dentaires m\u00eame les plus s\u00e9v\u00e8res de mani\u00e8re invisible et fiable.","breadcrumb":{"@id":"https:\/\/www.lingualsystems.de\/fr\/#breadcrumb"},"inLanguage":"fr-FR","potentialAction":[{"@type":"ReadAction","target":["https:\/\/www.lingualsystems.de\/fr\/"]}]},{"@type":"BreadcrumbList","@id":"https:\/\/www.lingualsystems.de\/fr\/#breadcrumb","itemListElement":[{"@type":"ListItem","position":1,"name":"Home","item":"https:\/\/www.lingualsystems.de\/fr\/"},{"@type":"ListItem","position":2,"name":"Accueil"}]},{"@type":"WebSite","@id":"https:\/\/www.lingualsystems.de\/#website","url":"https:\/\/www.lingualsystems.de\/","name":"Lingual Systems","description":"","potentialAction":[{"@type":"SearchAction","target":{"@type":"EntryPoint","urlTemplate":"https:\/\/www.lingualsystems.de\/?s={search_term_string}"},"query-input":{"@type":"PropertyValueSpecification","valueRequired":true,"valueName":"search_term_string"}}],"inLanguage":"fr-FR"}]}},"_links":{"self":[{"href":"https:\/\/www.lingualsystems.de\/fr\/wp-json\/wp\/v2\/pages\/15452","targetHints":{"allow":["GET"]}}],"collection":[{"href":"https:\/\/www.lingualsystems.de\/fr\/wp-json\/wp\/v2\/pages"}],"about":[{"href":"https:\/\/www.lingualsystems.de\/fr\/wp-json\/wp\/v2\/types\/page"}],"author":[{"embeddable":true,"href":"https:\/\/www.lingualsystems.de\/fr\/wp-json\/wp\/v2\/users\/7"}],"replies":[{"embeddable":true,"href":"https:\/\/www.lingualsystems.de\/fr\/wp-json\/wp\/v2\/comments?post=15452"}],"version-history":[{"count":6,"href":"https:\/\/www.lingualsystems.de\/fr\/wp-json\/wp\/v2\/pages\/15452\/revisions"}],"predecessor-version":[{"id":15736,"href":"https:\/\/www.lingualsystems.de\/fr\/wp-json\/wp\/v2\/pages\/15452\/revisions\/15736"}],"wp:attachment":[{"href":"https:\/\/www.lingualsystems.de\/fr\/wp-json\/wp\/v2\/media?parent=15452"}],"curies":[{"name":"wp","href":"https:\/\/api.w.org\/{rel}","templated":true}]}}